{"id":14,"date":"2024-04-17T15:03:47","date_gmt":"2024-04-17T22:03:47","guid":{"rendered":"https:\/\/bobablastic.com\/mexico\/?page_id=14"},"modified":"2025-03-15T16:43:03","modified_gmt":"2025-03-15T23:43:03","slug":"bobablastic-mexico","status":"publish","type":"page","link":"https:\/\/bobablastic.com\/mexico\/","title":{"rendered":"Bobablastic &#8211; M\u00e9xico"},"content":{"rendered":"<h1 class=\"wp-block-heading has-text-align-center\">Bobablastic M\u00e9xico<\/h1><div class=\"wp-block-columns is-layout-flex wp-container-core-columns-is-layout-9d6595d7 wp-block-columns-is-layout-flex\"><div class=\"wp-block-column is-layout-flow wp-block-column-is-layout-flow\"><h2 class=\"wp-block-heading has-text-align-right\">Store Address<\/h2>\n\n<p class=\"has-text-align-right\">Bobablastic &#8211; M\u00e9xico<br>Plaza Paseo Ventura, Manzana 002, Fraccionamiento Las Americas, Las Am\u00e9ricas<br>Ecatepec de Morelos, MX 55076<\/p><\/div>\n\n<div class=\"wp-block-column is-layout-flow wp-block-column-is-layout-flow\"><h2 class=\"wp-block-heading has-text-align-center\">Order Online<\/h2>\n\n<div class=\"wp-block-buttons is-horizontal is-content-justification-center is-layout-flex wp-container-core-buttons-is-layout-499968f5 wp-block-buttons-is-layout-flex\"><div class=\"wp-block-button\"><a class=\"wp-block-button__link has-vivid-red-background-color has-background wp-element-button\" href=\"https:\/\/bobablastic.com\/mexico\/pickup-order\/\"><strong>Pick-Up<\/strong><\/a><\/div>\n\n<div class=\"wp-block-button\"><a class=\"wp-block-button__link has-vivid-red-background-color has-background wp-element-button\" href=\"https:\/\/bobablastic.com\/mexico\/delivery\/\"><strong>Delivery<\/strong><\/a><\/div><\/div><\/div>\n\n<div class=\"wp-block-column is-layout-flow wp-block-column-is-layout-flow\"><h2 class=\"wp-block-heading\">Business Hours<\/h2>\n\n<div class=\"wp-block-columns is-layout-flex wp-container-core-columns-is-layout-9d6595d7 wp-block-columns-is-layout-flex\"><div class=\"wp-block-column is-layout-flow wp-block-column-is-layout-flow\" style=\"flex-basis:100%\"><head>\n    <link href=\"https:\/\/fonts.googleapis.com\/css2?family=Oswald:wght@400;700&#038;family=Open+Sans:wght@400;700&#038;display=swap\" rel=\"stylesheet\">\n    <style>\n        .business-hours {\n            font-size: 15px;\n            margin: 0;\n            padding: 0;\n            width: 300px; \/* Ensures enough space *\/\n        }\n\n        .business-hours div {\n            display: flex;\n            justify-content: space-between;\n            width: 100%;\n            align-items: center;\n            line-height: 1.5; \/* Increases vertical spacing *\/\n            margin-bottom: 8px; \/* Adds space between rows *\/\n        }\n\n        .business-hours strong {\n            width: 120px; \/* Fixed width for day names *\/\n            text-align: left;\n            font-family: 'Oswald', sans-serif;\n            font-weight: 700;\n        }\n\n        .business-hours span {\n            flex-grow: 1;\n            text-align: right;\n            font-family: 'Open Sans', sans-serif;\n            white-space: nowrap; \/* Prevents line breaks *\/\n        }\n    <\/style>\n<\/head>\n<body>\n    <div class=\"business-hours\">\n        <div><strong>Sunday<\/strong> <span>09:00 am &#8211; 09:00 pm<\/span><\/div>\n        <div><strong>Monday<\/strong> <span>09:00 am &#8211; 09:00 pm<\/span><\/div>\n        <div><strong>Tuesday<\/strong> <span>09:00 am &#8211; 09:00 pm<\/span><\/div>\n        <div><strong>Wednesday<\/strong> <span>09:00 am &#8211; 09:00 pm<\/span><\/div>\n        <div><strong>Thursday<\/strong> <span>09:00 am &#8211; 09:00 pm<\/span><\/div>\n        <div><strong>Friday<\/strong> <span>09:00 am &#8211; 09:00 pm<\/span><\/div>\n        <div><strong>Saturday<\/strong> <span>09:00 am &#8211; 09:00 pm<\/span><\/div>\n    <\/div>\n<\/body>\n\n<p><\/p><\/div><\/div><\/div><\/div>","protected":false},"excerpt":{"rendered":"<p>Bobablastic M\u00e9xico Store Address Bobablastic &#8211; M\u00e9xicoPlaza Paseo Ventura, Manzana 002, Fraccionamiento Las Americas, Las Am\u00e9ricasEcatepec de Morelos, MX 55076 Order Online Business Hours Sunday 09:00 am &#8211; 09:00 pm Monday 09:00 am &#8211; 09:00 pm Tuesday 09:00 am &#8211; 09:00 pm Wednesday 09:00 am &#8211; 09:00 pm Thursday 09:00 am &#8211; 09:00 pm Friday &hellip;<\/p>\n","protected":false},"author":4,"featured_media":0,"parent":0,"menu_order":0,"comment_status":"closed","ping_status":"closed","template":"","meta":{"footnotes":""},"yst_prominent_words":[],"class_list":["post-14","page","type-page","status-publish","hentry","no-thumb"],"_links":{"self":[{"href":"https:\/\/bobablastic.com\/mexico\/wp-json\/wp\/v2\/pages\/14","targetHints":{"allow":["GET"]}}],"collection":[{"href":"https:\/\/bobablastic.com\/mexico\/wp-json\/wp\/v2\/pages"}],"about":[{"href":"https:\/\/bobablastic.com\/mexico\/wp-json\/wp\/v2\/types\/page"}],"author":[{"embeddable":true,"href":"https:\/\/bobablastic.com\/mexico\/wp-json\/wp\/v2\/users\/4"}],"replies":[{"embeddable":true,"href":"https:\/\/bobablastic.com\/mexico\/wp-json\/wp\/v2\/comments?post=14"}],"version-history":[{"count":5,"href":"https:\/\/bobablastic.com\/mexico\/wp-json\/wp\/v2\/pages\/14\/revisions"}],"predecessor-version":[{"id":72,"href":"https:\/\/bobablastic.com\/mexico\/wp-json\/wp\/v2\/pages\/14\/revisions\/72"}],"wp:attachment":[{"href":"https:\/\/bobablastic.com\/mexico\/wp-json\/wp\/v2\/media?parent=14"}],"wp:term":[{"taxonomy":"yst_prominent_words","embeddable":true,"href":"https:\/\/bobablastic.com\/mexico\/wp-json\/wp\/v2\/yst_prominent_words?post=14"}],"curies":[{"name":"wp","href":"https:\/\/api.w.org\/{rel}","templated":true}]}}